{"id":5623,"date":"2022-12-23T08:59:53","date_gmt":"2022-12-23T07:59:53","guid":{"rendered":"https:\/\/tatjana-labossiere.com\/mentions-legales\/"},"modified":"2023-10-29T09:55:03","modified_gmt":"2023-10-29T08:55:03","slug":"mentions-legales","status":"publish","type":"page","link":"https:\/\/tatjana-labossiere.com\/en\/mentions-legales\/","title":{"rendered":"Mentions l\u00e9gales"},"content":{"rendered":"\t\t<div data-elementor-type=\"wp-page\" data-elementor-id=\"5623\" class=\"elementor elementor-5623 elementor-2783\">\n\t\t\t\t\t\t<section class=\"elementor-section elementor-top-section elementor-element elementor-element-7f4411e elementor-section-boxed elementor-section-height-default elementor-section-height-default parallax_section_no qode_elementor_container_no qode-content-aligment-left\" data-id=\"7f4411e\" data-element_type=\"section\">\n\t\t\t\t\t\t<div class=\"elementor-container elementor-column-gap-default\">\n\t\t\t\t\t<div class=\"elementor-column elementor-col-100 elementor-top-column elementor-element elementor-element-a828155\" data-id=\"a828155\" data-element_type=\"column\">\n\t\t\t<div class=\"elementor-widget-wrap elementor-element-populated\">\n\t\t\t\t\t\t<div class=\"elementor-element elementor-element-31d71bc elementor-widget elementor-widget-text-editor\" data-id=\"31d71bc\" data-element_type=\"widget\" data-widget_type=\"text-editor.default\">\n\t\t\t\t<div class=\"elementor-widget-container\">\n\t\t\t\t\t\t\t\t\t<h1 style=\"text-align: center;\"><span style=\"color: #000000; font-family: Overpass, sans-serif; font-size: 42px; letter-spacing: 0px; text-transform: uppercase; text-align: left;\">MENTIONS LEGALES<\/span><\/h1>\t\t\t\t\t\t\t\t<\/div>\n\t\t\t\t<\/div>\n\t\t\t\t<div class=\"elementor-element elementor-element-907d901 elementor-widget elementor-widget-spacer\" data-id=\"907d901\" data-element_type=\"widget\" data-widget_type=\"spacer.default\">\n\t\t\t\t<div class=\"elementor-widget-container\">\n\t\t\t\t\t\t\t<div class=\"elementor-spacer\">\n\t\t\t<div class=\"elementor-spacer-inner\"><\/div>\n\t\t<\/div>\n\t\t\t\t\t\t<\/div>\n\t\t\t\t<\/div>\n\t\t\t\t<div class=\"elementor-element elementor-element-9b45447 elementor-widget elementor-widget-text-editor\" data-id=\"9b45447\" data-element_type=\"widget\" data-widget_type=\"text-editor.default\">\n\t\t\t\t<div class=\"elementor-widget-container\">\n\t\t\t\t\t\t\t\t\t<p>Conform\u00e9ment aux dispositions des articles 6-III et 19 de la Loi n\u00b0 2004-575 du 21 juin 2004 pour la Confiance dans l&#8217;\u00e9conomie num\u00e9rique, dite L.C.E.N., nous portons \u00e0 la connaissance des utilisateurs et visiteurs du site : <a href=\"https:\/\/tatjana-labossiere.com\/\">tatjana-labossiere.com<\/a>.<\/p>\t\t\t\t\t\t\t\t<\/div>\n\t\t\t\t<\/div>\n\t\t\t\t<div class=\"elementor-element elementor-element-bb94436 elementor-widget elementor-widget-text-editor\" data-id=\"bb94436\" data-element_type=\"widget\" data-widget_type=\"text-editor.default\">\n\t\t\t\t<div class=\"elementor-widget-container\">\n\t\t\t\t\t\t\t\t\t<h3>\u00c9DITEUR<\/h3>\t\t\t\t\t\t\t\t<\/div>\n\t\t\t\t<\/div>\n\t\t\t\t<div class=\"elementor-element elementor-element-1156c66 elementor-widget elementor-widget-text-editor\" data-id=\"1156c66\" data-element_type=\"widget\" data-widget_type=\"text-editor.default\">\n\t\t\t\t<div class=\"elementor-widget-container\">\n\t\t\t\t\t\t\t\t\t<p>Le site <a href=\"https:\/\/tatjana-labossiere.com\/\" target=\"_blank\" rel=\"noopener\">tatjana-labossiere.com<\/a> est la propri\u00e9t\u00e9 exclusive de l&#8217;<strong>entrepreneur individuel <\/strong><strong>MADAME TATJANA LABOSSIERE<\/strong>, qui l&#8217;\u00e9dite.<\/p><p><strong>MADAME TATJANA LABOSSIERE<\/strong><strong>\u00a0<\/strong><br \/><strong>36 av Jean Moulin\u00a0<\/strong><strong>75014 Paris<\/strong><\/p><p>Immatricul\u00e9e au Registre du Commerce et des Soci\u00e9t\u00e9s sous le num\u00e9ro<strong>\u00a0<\/strong><strong>34307926500058<\/strong><strong>.<\/strong><\/p><p>Num\u00e9ro TVA intracommunautaire : <strong>FR04343079265<\/strong><br \/>Adresse de courrier \u00e9lectronique : <strong>contact@tatjana-labossiere.com<\/strong><\/p><p>Directeur de la\u00a0 publication\u00a0: <strong>Tatjana Labossiere<\/strong><br \/>Contactez le responsable de la publication : <strong>contact@tatjana-labossiere.com<\/strong><\/p>\t\t\t\t\t\t\t\t<\/div>\n\t\t\t\t<\/div>\n\t\t\t\t<div class=\"elementor-element elementor-element-d44992f elementor-widget elementor-widget-text-editor\" data-id=\"d44992f\" data-element_type=\"widget\" data-widget_type=\"text-editor.default\">\n\t\t\t\t<div class=\"elementor-widget-container\">\n\t\t\t\t\t\t\t\t\t<h3><strong>H\u00c9BERGEMENT<\/strong><\/h3>\t\t\t\t\t\t\t\t<\/div>\n\t\t\t\t<\/div>\n\t\t\t\t<div class=\"elementor-element elementor-element-bf411ef elementor-widget elementor-widget-text-editor\" data-id=\"bf411ef\" data-element_type=\"widget\" data-widget_type=\"text-editor.default\">\n\t\t\t\t<div class=\"elementor-widget-container\">\n\t\t\t\t\t\t\t\t\t<p>La soci\u00e9t\u00e9 qui assure l\u2019h\u00e9bergement du Site est la soci\u00e9t\u00e9 <strong>OVH SAS<\/strong> dont le si\u00e8ge social est situ\u00e9 au 2 rue Kellermann \u2013 59100 Roubaix \u2013 France.<\/p>\t\t\t\t\t\t\t\t<\/div>\n\t\t\t\t<\/div>\n\t\t\t\t<div class=\"elementor-element elementor-element-34b0d8b elementor-widget elementor-widget-text-editor\" data-id=\"34b0d8b\" data-element_type=\"widget\" data-widget_type=\"text-editor.default\">\n\t\t\t\t<div class=\"elementor-widget-container\">\n\t\t\t\t\t\t\t\t\t<h3><strong>DESCRIPTION DES SERVICES FOURNIS<\/strong><\/h3>\t\t\t\t\t\t\t\t<\/div>\n\t\t\t\t<\/div>\n\t\t\t\t<div class=\"elementor-element elementor-element-fd843ee elementor-widget elementor-widget-text-editor\" data-id=\"fd843ee\" data-element_type=\"widget\" data-widget_type=\"text-editor.default\">\n\t\t\t\t<div class=\"elementor-widget-container\">\n\t\t\t\t\t\t\t\t\t<p>Le site <a href=\"https:\/\/tatjana-labossiere.com\/\" target=\"_blank\" rel=\"noopener\">tatjana-labossiere.com<\/a> a pour objet de fournir une information concernant l\u2019ensemble des activit\u00e9s de la soci\u00e9t\u00e9. Le proprietaire du site s\u2019efforce de fournir sur le site <a href=\"https:\/\/tatjana-labossiere.com\/\" target=\"_blank\" rel=\"noopener\">tatjana-labossiere.com<\/a> des informations aussi pr\u00e9cises que possible. Toutefois, il ne pourra \u00eatre tenue responsable des omissions, des inexactitudes et des carences dans la mise \u00e0 jour, qu\u2019elles soient de son fait ou du fait des tiers partenaires qui lui fournissent ces informations. Tous les informations propos\u00e9es sur le site <a href=\"https:\/\/tatjana-labossiere.com\/\" target=\"_blank\" rel=\"noopener\">tatjana-labossiere.com<\/a> sont donn\u00e9es \u00e0 titre indicatif, sont non exhaustives, et sont susceptibles d\u2019\u00e9voluer. Elles sont donn\u00e9es sous r\u00e9serve de modifications ayant \u00e9t\u00e9 apport\u00e9es depuis leur mise en ligne.<\/p>\t\t\t\t\t\t\t\t<\/div>\n\t\t\t\t<\/div>\n\t\t\t\t<div class=\"elementor-element elementor-element-ac1024c elementor-widget elementor-widget-text-editor\" data-id=\"ac1024c\" data-element_type=\"widget\" data-widget_type=\"text-editor.default\">\n\t\t\t\t<div class=\"elementor-widget-container\">\n\t\t\t\t\t\t\t\t\t<h3><strong>PROPRI\u00c9T\u00c9 INTELLECTUELLE ET CONTREFA\u00c7ONS<\/strong><\/h3>\t\t\t\t\t\t\t\t<\/div>\n\t\t\t\t<\/div>\n\t\t\t\t<div class=\"elementor-element elementor-element-3e18dcd elementor-widget elementor-widget-text-editor\" data-id=\"3e18dcd\" data-element_type=\"widget\" data-widget_type=\"text-editor.default\">\n\t\t\t\t<div class=\"elementor-widget-container\">\n\t\t\t\t\t\t\t\t\t<p>Le proprietaire du site est propri\u00e9taire des droits de propri\u00e9t\u00e9 intellectuelle ou d\u00e9tient les droits d\u2019usage sur tous les \u00e9l\u00e9ments accessibles sur le site, notamment les textes, images, graphismes, logo, ic\u00f4nes, sons, logiciels\u2026 Toute reproduction, repr\u00e9sentation, modification, publication, adaptation totale ou partielle des \u00e9l\u00e9ments du site, quel que soit le moyen ou le proc\u00e9d\u00e9 utilis\u00e9, est interdite, sauf autorisation \u00e9crite pr\u00e9alable \u00e0 l&#8217;email : contact@tatjana-labossiere.com\u00a0\u00a0. Toute exploitation non autoris\u00e9e du site ou de l\u2019un quelconque de ces \u00e9l\u00e9ments qu\u2019il contient sera consid\u00e9r\u00e9e comme constitutive d\u2019une contrefa\u00e7on et poursuivie conform\u00e9ment aux dispositions des articles L.335-2 et suivants du Code de Propri\u00e9t\u00e9 Intellectuelle.<\/p>\t\t\t\t\t\t\t\t<\/div>\n\t\t\t\t<\/div>\n\t\t\t\t<div class=\"elementor-element elementor-element-6c45368 elementor-widget elementor-widget-spacer\" data-id=\"6c45368\" data-element_type=\"widget\" data-widget_type=\"spacer.default\">\n\t\t\t\t<div class=\"elementor-widget-container\">\n\t\t\t\t\t\t\t<div class=\"elementor-spacer\">\n\t\t\t<div class=\"elementor-spacer-inner\"><\/div>\n\t\t<\/div>\n\t\t\t\t\t\t<\/div>\n\t\t\t\t<\/div>\n\t\t\t\t\t<\/div>\n\t\t<\/div>\n\t\t\t\t\t<\/div>\n\t\t<\/section>\n\t\t\t\t<\/div>\n\t\t","protected":false},"excerpt":{"rendered":"<p>MENTIONS LEGALES Conform\u00e9ment aux dispositions des articles 6-III et 19 de la Loi n\u00b0 2004-575 du 21 juin 2004 pour la Confiance dans l&#8217;\u00e9conomie num\u00e9rique, dite L.C.E.N., nous portons \u00e0 la connaissance des utilisateurs et visiteurs du site : tatjana-labossiere.com. \u00c9DITEUR Le site tatjana-labossiere.com est&#8230;<\/p>\n","protected":false},"author":1,"featured_media":0,"parent":0,"menu_order":0,"comment_status":"closed","ping_status":"closed","template":"","meta":{"footnotes":""},"class_list":["post-5623","page","type-page","status-publish","hentry"],"jetpack_sharing_enabled":true,"_links":{"self":[{"href":"https:\/\/tatjana-labossiere.com\/en\/wp-json\/wp\/v2\/pages\/5623","targetHints":{"allow":["GET"]}}],"collection":[{"href":"https:\/\/tatjana-labossiere.com\/en\/wp-json\/wp\/v2\/pages"}],"about":[{"href":"https:\/\/tatjana-labossiere.com\/en\/wp-json\/wp\/v2\/types\/page"}],"author":[{"embeddable":true,"href":"https:\/\/tatjana-labossiere.com\/en\/wp-json\/wp\/v2\/users\/1"}],"replies":[{"embeddable":true,"href":"https:\/\/tatjana-labossiere.com\/en\/wp-json\/wp\/v2\/comments?post=5623"}],"version-history":[{"count":1,"href":"https:\/\/tatjana-labossiere.com\/en\/wp-json\/wp\/v2\/pages\/5623\/revisions"}],"predecessor-version":[{"id":5625,"href":"https:\/\/tatjana-labossiere.com\/en\/wp-json\/wp\/v2\/pages\/5623\/revisions\/5625"}],"wp:attachment":[{"href":"https:\/\/tatjana-labossiere.com\/en\/wp-json\/wp\/v2\/media?parent=5623"}],"curies":[{"name":"wp","href":"https:\/\/api.w.org\/{rel}","templated":true}]}}