{"id":5619,"date":"2022-12-07T11:25:22","date_gmt":"2022-12-07T10:25:22","guid":{"rendered":"https:\/\/tatjana-labossiere.com\/politique-de-confidentialite\/"},"modified":"2023-10-29T09:54:23","modified_gmt":"2023-10-29T08:54:23","slug":"politique-de-confidentialite","status":"publish","type":"page","link":"https:\/\/tatjana-labossiere.com\/en\/politique-de-confidentialite\/","title":{"rendered":"Politique de confidentialit\u00e9"},"content":{"rendered":"\t\t<div data-elementor-type=\"wp-page\" data-elementor-id=\"5619\" class=\"elementor elementor-5619 elementor-3\">\n\t\t\t\t\t\t<section class=\"elementor-section elementor-top-section elementor-element elementor-element-3af64734 elementor-section-boxed elementor-section-height-default elementor-section-height-default parallax_section_no qode_elementor_container_no qode-content-aligment-left\" data-id=\"3af64734\" data-element_type=\"section\">\n\t\t\t\t\t\t<div class=\"elementor-container elementor-column-gap-default\">\n\t\t\t\t\t<div class=\"elementor-column elementor-col-100 elementor-top-column elementor-element elementor-element-497047d5\" data-id=\"497047d5\" data-element_type=\"column\">\n\t\t\t<div class=\"elementor-widget-wrap elementor-element-populated\">\n\t\t\t\t\t\t<div class=\"elementor-element elementor-element-605dc38 elementor-widget elementor-widget-text-editor\" data-id=\"605dc38\" data-element_type=\"widget\" data-widget_type=\"text-editor.default\">\n\t\t\t\t<div class=\"elementor-widget-container\">\n\t\t\t\t\t\t\t\t\t<h1 style=\"text-align: center;\"><span style=\"color: #000000; font-family: Overpass, sans-serif; font-size: 42px; letter-spacing: 0px; text-transform: uppercase; text-align: left;\">politique de confidentialit\u00e9<\/span><\/h1>\t\t\t\t\t\t\t\t<\/div>\n\t\t\t\t<\/div>\n\t\t\t\t<div class=\"elementor-element elementor-element-2d5ce84 elementor-widget elementor-widget-spacer\" data-id=\"2d5ce84\" data-element_type=\"widget\" data-widget_type=\"spacer.default\">\n\t\t\t\t<div class=\"elementor-widget-container\">\n\t\t\t\t\t\t\t<div class=\"elementor-spacer\">\n\t\t\t<div class=\"elementor-spacer-inner\"><\/div>\n\t\t<\/div>\n\t\t\t\t\t\t<\/div>\n\t\t\t\t<\/div>\n\t\t\t\t<div class=\"elementor-element elementor-element-0e9279e elementor-widget elementor-widget-text-editor\" data-id=\"0e9279e\" data-element_type=\"widget\" data-widget_type=\"text-editor.default\">\n\t\t\t\t<div class=\"elementor-widget-container\">\n\t\t\t\t\t\t\t\t\t<h4 class=\"p1\"><span class=\"s1\"><b>L\u2019objectif de la politique de confidentialit\u00e9<\/b><\/span><\/h4>\t\t\t\t\t\t\t\t<\/div>\n\t\t\t\t<\/div>\n\t\t\t\t<div class=\"elementor-element elementor-element-f75682f elementor-widget elementor-widget-text-editor\" data-id=\"f75682f\" data-element_type=\"widget\" data-widget_type=\"text-editor.default\">\n\t\t\t\t<div class=\"elementor-widget-container\">\n\t\t\t\t\t\t\t\t\t<p class=\"p1\">Cette politique de confidentialit\u00e9 est \u00e9tablie dans le but d\u2019informer les utilisateurs du site tatjana-labossiere.fr, poss\u00e9d\u00e9 et g\u00e9r\u00e9 par Tatjana Labossi\u00e8re, des modalit\u00e9s suivantes :<\/p>\n<ul>\n<li>Les donn\u00e9es personnelles recueillies par le site internet<\/li>\n<li>L\u2019utilisation faite de ces donn\u00e9es<\/li>\n<li>L\u2019acc\u00e8s \u00e0 ces donn\u00e9es<\/li>\n<li>Les droits que poss\u00e8dent les utilisateurs du site<\/li>\n<li>La politique li\u00e9e \u00e0 l\u2019utilisation de cookies<\/li>\n<\/ul><div><br><\/div>\n<p class=\"p1\">Cette politique de confidentialit\u00e9 fonctionne parall\u00e8lement aux conditions g\u00e9n\u00e9rales du site tatjana-labossiere.fr.<\/p>\t\t\t\t\t\t\t\t<\/div>\n\t\t\t\t<\/div>\n\t\t\t\t<div class=\"elementor-element elementor-element-add2b98 elementor-widget elementor-widget-text-editor\" data-id=\"add2b98\" data-element_type=\"widget\" data-widget_type=\"text-editor.default\">\n\t\t\t\t<div class=\"elementor-widget-container\">\n\t\t\t\t\t\t\t\t\t<h3 class=\"p1\"><span class=\"s1\"><b>Lois applicables<\/b><\/span><\/h3>\t\t\t\t\t\t\t\t<\/div>\n\t\t\t\t<\/div>\n\t\t\t\t<div class=\"elementor-element elementor-element-13f58b2 elementor-widget elementor-widget-text-editor\" data-id=\"13f58b2\" data-element_type=\"widget\" data-widget_type=\"text-editor.default\">\n\t\t\t\t<div class=\"elementor-widget-container\">\n\t\t\t\t\t\t\t\t\t<p class=\"p1\">Conform\u00e9ment au R\u00e8glement G\u00e9n\u00e9ral sur la Protection des Donn\u00e9es, cette politique de confidentialit\u00e9 est sujette aux r\u00e8glements suivants :<\/p>\n<p class=\"p1\">Les donn\u00e9es personnelles sont :<\/p>\n<ul>\n<li class=\"p2\"><span class=\"Apple-converted-space\">\u00a0<\/span>trait\u00e9es de mani\u00e8re licite et transparente ;<\/li>\n<\/ul>\n<ul class=\"ul1\">\n<li class=\"li1\">collect\u00e9es \u00e0 des fins d\u00e9termin\u00e9es, explicites et l\u00e9gitimes, et ne seront pas trait\u00e9es ult\u00e9rieurement d\u2019une mani\u00e8re incompatible avec ces fins. Conform\u00e9ment \u00e0 l\u2019article 89, paragraphe 1 du RGPD, le stockage et le traitement de ces donn\u00e9es \u00e0 des fins archivistiques dans l\u2019int\u00e9r\u00eat public, \u00e0 des fins de recherche scientifique ou historique ou \u00e0 des fins statistiques, n\u2019est pas consid\u00e9r\u00e9 comme incompatible avec les finalit\u00e9s initiales ;<\/li>\n<li class=\"li1\">ad\u00e9quates, pertinentes et limit\u00e9es \u00e0 ce qui est n\u00e9cessaire dans le cadre des finalit\u00e9s pour lesquelles elles sont trait\u00e9es ;<\/li>\n<li class=\"li1\">exactes, et si n\u00e9cessaires tenues \u00e0 jour. Toutes les mesures raisonnables seront prises pour corriger des donn\u00e9es incorrectes au regard de la finalit\u00e9 pour laquelle celles-si sont collect\u00e9es ;<\/li>\n<li class=\"li1\">conserv\u00e9es sous une forme permettant l\u2019identification des personnes concern\u00e9es pour une dur\u00e9e suffisante pour leur traitement ;<\/li>\n<li class=\"li1\">trait\u00e9es d\u2019une fa\u00e7on qui garantit la s\u00e9curit\u00e9 de celles-ci, y compris en ce qui concerne le traitement non-autoris\u00e9 ou illicite, la perte ou la destruction de ces donn\u00e9es, accidentelle ou volontaire.<\/li>\n<\/ul>\n<p>\u00a0<\/p>\n<p class=\"p1\">Le traitement des donn\u00e9es collect\u00e9es n\u2019est licite que si au moins l\u2019une des conditions suivantes est remplie:<\/p>\n<ul class=\"ul1\">\n<li class=\"li1\">La personne concern\u00e9e par les donn\u00e9es \u00e0 consenti au traitement de celles-ci pour une ou plusieurs finalit\u00e9s sp\u00e9cifiques.<\/li>\n<li class=\"li1\">Le traitement des donn\u00e9es est n\u00e9cessaire \u00e0 l\u2019ex\u00e9cution d\u2019un contrat dont la personne concern\u00e9e est partie ou \u00e0 l\u2019ex\u00e9cution des mesures pr\u00e9contractuelles prises \u00e0 la demande de celui-ci<\/li>\n<li class=\"li1\">Le traitement est n\u00e9cessaire \u00e0 la sauvegarde des int\u00e9r\u00eats vitaux de toute personne physique.<\/li>\n<li class=\"li1\">Les traitement est n\u00e9cessaire aux fins des int\u00e9r\u00eats l\u00e9gitimes poursuivis par le responsable du traitement ou par un tiers, \u00e0 moins que ne pr\u00e9valent les int\u00e9r\u00eats, libert\u00e9s ou droits fondamentaux de la personne concern\u00e9e.<\/li>\n<\/ul>\t\t\t\t\t\t\t\t<\/div>\n\t\t\t\t<\/div>\n\t\t\t\t<div class=\"elementor-element elementor-element-e4ded2f elementor-widget elementor-widget-text-editor\" data-id=\"e4ded2f\" data-element_type=\"widget\" data-widget_type=\"text-editor.default\">\n\t\t\t\t<div class=\"elementor-widget-container\">\n\t\t\t\t\t\t\t\t\t<h3 class=\"p1\"><span class=\"s1\"><b> Consentement<\/b><\/span><\/h3>\t\t\t\t\t\t\t\t<\/div>\n\t\t\t\t<\/div>\n\t\t\t\t<div class=\"elementor-element elementor-element-e86d35f elementor-widget elementor-widget-text-editor\" data-id=\"e86d35f\" data-element_type=\"widget\" data-widget_type=\"text-editor.default\">\n\t\t\t\t<div class=\"elementor-widget-container\">\n\t\t\t\t\t\t\t\t\t<p class=\"p1\">En utilisant le site <span class=\"s1\">tatjana-labossiere.fr<\/span> les utilisateurs consentent \u00e0 : Toutes les conditions incluses dans la pr\u00e9sente politique de confidentialit\u00e9 ; La collecte, l\u2019utilisation et la conservation des donn\u00e9es list\u00e9es dans la pr\u00e9sente politique de confidentialit\u00e9.<\/p>\t\t\t\t\t\t\t\t<\/div>\n\t\t\t\t<\/div>\n\t\t\t\t<div class=\"elementor-element elementor-element-89fc68c elementor-widget elementor-widget-text-editor\" data-id=\"89fc68c\" data-element_type=\"widget\" data-widget_type=\"text-editor.default\">\n\t\t\t\t<div class=\"elementor-widget-container\">\n\t\t\t\t\t\t\t\t\t<h3 class=\"p1\"><span class=\"s1\"><b>Traitement de ces donn\u00e9es <\/b><\/span><\/h3>\t\t\t\t\t\t\t\t<\/div>\n\t\t\t\t<\/div>\n\t\t\t\t<div class=\"elementor-element elementor-element-51aa612 elementor-widget elementor-widget-text-editor\" data-id=\"51aa612\" data-element_type=\"widget\" data-widget_type=\"text-editor.default\">\n\t\t\t\t<div class=\"elementor-widget-container\">\n\t\t\t\t\t\t\t\t\t<p class=\"p1\">Les donn\u00e9es personnelles recueillies sur le site <span class=\"s1\">tatjana-labossiere.fr <\/span>ne sont collect\u00e9es et trait\u00e9es que dans le cadre des fins pr\u00e9cis\u00e9es dans la pr\u00e9sente politique de confidentialit\u00e9 et \/ ou dans les pages pertinentes du site. Les donn\u00e9es personnelles que nous collectons ne seront pas utilis\u00e9es \u00e0 d\u2019autres fins.<\/p>\t\t\t\t\t\t\t\t<\/div>\n\t\t\t\t<\/div>\n\t\t\t\t<div class=\"elementor-element elementor-element-7ee142b elementor-widget elementor-widget-text-editor\" data-id=\"7ee142b\" data-element_type=\"widget\" data-widget_type=\"text-editor.default\">\n\t\t\t\t<div class=\"elementor-widget-container\">\n\t\t\t\t\t\t\t\t\t<h3 class=\"p1\"><span class=\"s1\"><b> Stockage et protection des donn\u00e9es personnelles<\/b><\/span><\/h3>\t\t\t\t\t\t\t\t<\/div>\n\t\t\t\t<\/div>\n\t\t\t\t<div class=\"elementor-element elementor-element-20f789b elementor-widget elementor-widget-text-editor\" data-id=\"20f789b\" data-element_type=\"widget\" data-widget_type=\"text-editor.default\">\n\t\t\t\t<div class=\"elementor-widget-container\">\n\t\t\t\t\t\t\t\t\t<p class=\"p1\">L\u2019entreprise <span class=\"s1\">tatjana-labossiere.fr<\/span> ne conserve pas les donn\u00e9es personnelles plus longtemps que ce qui est n\u00e9cessaire \u00e0 la r\u00e9alisation des fins pour lesquelles elles sont collect\u00e9es.<\/p>\t\t\t\t\t\t\t\t<\/div>\n\t\t\t\t<\/div>\n\t\t\t\t<div class=\"elementor-element elementor-element-a147717 elementor-widget elementor-widget-text-editor\" data-id=\"a147717\" data-element_type=\"widget\" data-widget_type=\"text-editor.default\">\n\t\t\t\t<div class=\"elementor-widget-container\">\n\t\t\t\t\t\t\t\t\t<h3 class=\"p1\"><span class=\"s1\"><b>Les cookies strictement n\u00e9cessaires <\/b><\/span><\/h3>\t\t\t\t\t\t\t\t<\/div>\n\t\t\t\t<\/div>\n\t\t\t\t<div class=\"elementor-element elementor-element-b10c95c elementor-widget elementor-widget-text-editor\" data-id=\"b10c95c\" data-element_type=\"widget\" data-widget_type=\"text-editor.default\">\n\t\t\t\t<div class=\"elementor-widget-container\">\n\t\t\t\t\t\t\t\t\t<p class=\"p1\">Ces cookies sont n\u00e9cessaires au fonctionnement de notre site et ne peuvent pas \u00eatre d\u00e9sactiv\u00e9s dans nos syst\u00e8mes. Ils sont g\u00e9n\u00e9ralement \u00e9tablis en tant que r\u00e9ponse \u00e0 des actions que vous avez effectu\u00e9es et qui constituent une demande de services, telles que la d\u00e9finition de vos pr\u00e9f\u00e9rences en mati\u00e8re de confidentialit\u00e9, la connexion ou le remplissage de formulaires. Vous pouvez configurer votre navigateur afin de bloquer ou \u00eatre inform\u00e9 de l\u2019existence de ces cookies, mais certaines parties du site ne pourront pas fonctionner. Ces cookies ne stockent aucune information d\u2019identification personnelle.<\/p>\t\t\t\t\t\t\t\t<\/div>\n\t\t\t\t<\/div>\n\t\t\t\t<div class=\"elementor-element elementor-element-cf642e6 elementor-widget elementor-widget-text-editor\" data-id=\"cf642e6\" data-element_type=\"widget\" data-widget_type=\"text-editor.default\">\n\t\t\t\t<div class=\"elementor-widget-container\">\n\t\t\t\t\t\t\t\t\t<h3 class=\"p1\"><span class=\"s1\"><b> Modification de la politique de confidentialit\u00e9<\/b><\/span><\/h3>\t\t\t\t\t\t\t\t<\/div>\n\t\t\t\t<\/div>\n\t\t\t\t<div class=\"elementor-element elementor-element-9f5d34e elementor-widget elementor-widget-text-editor\" data-id=\"9f5d34e\" data-element_type=\"widget\" data-widget_type=\"text-editor.default\">\n\t\t\t\t<div class=\"elementor-widget-container\">\n\t\t\t\t\t\t\t\t\t<p class=\"p1\">Afin de rester en accord avec la loi ou de refl\u00e9ter tout changement dans notre processus de gestion des donn\u00e9es personnelles, la pr\u00e9sente politique de confidentialit\u00e9 peut \u00eatre amen\u00e9e \u00e0 changer et \u00e0 \u00eatre modifi\u00e9e r\u00e9guli\u00e8rement. Il est recommand\u00e9 aux utilisateurs de v\u00e9rifier r\u00e9guli\u00e8rement cette politique afin de se tenir inform\u00e9s de notre politique en termes de collecte et de traitement de donn\u00e9es personnelles.<\/p>\t\t\t\t\t\t\t\t<\/div>\n\t\t\t\t<\/div>\n\t\t\t\t\t<\/div>\n\t\t<\/div>\n\t\t\t\t\t<\/div>\n\t\t<\/section>\n\t\t\t\t<\/div>\n\t\t","protected":false},"excerpt":{"rendered":"<p>politique de confidentialit\u00e9 L\u2019objectif de la politique de confidentialit\u00e9 Cette politique de confidentialit\u00e9 est \u00e9tablie dans le but d\u2019informer les utilisateurs du site tatjana-labossiere.fr, poss\u00e9d\u00e9 et g\u00e9r\u00e9 par Tatjana Labossi\u00e8re, des modalit\u00e9s suivantes : Les donn\u00e9es personnelles recueillies par le site internet L\u2019utilisation faite de&#8230;<\/p>\n","protected":false},"author":1,"featured_media":0,"parent":0,"menu_order":0,"comment_status":"closed","ping_status":"closed","template":"","meta":{"footnotes":""},"class_list":["post-5619","page","type-page","status-publish","hentry"],"jetpack_sharing_enabled":true,"_links":{"self":[{"href":"https:\/\/tatjana-labossiere.com\/en\/wp-json\/wp\/v2\/pages\/5619","targetHints":{"allow":["GET"]}}],"collection":[{"href":"https:\/\/tatjana-labossiere.com\/en\/wp-json\/wp\/v2\/pages"}],"about":[{"href":"https:\/\/tatjana-labossiere.com\/en\/wp-json\/wp\/v2\/types\/page"}],"author":[{"embeddable":true,"href":"https:\/\/tatjana-labossiere.com\/en\/wp-json\/wp\/v2\/users\/1"}],"replies":[{"embeddable":true,"href":"https:\/\/tatjana-labossiere.com\/en\/wp-json\/wp\/v2\/comments?post=5619"}],"version-history":[{"count":1,"href":"https:\/\/tatjana-labossiere.com\/en\/wp-json\/wp\/v2\/pages\/5619\/revisions"}],"predecessor-version":[{"id":5621,"href":"https:\/\/tatjana-labossiere.com\/en\/wp-json\/wp\/v2\/pages\/5619\/revisions\/5621"}],"wp:attachment":[{"href":"https:\/\/tatjana-labossiere.com\/en\/wp-json\/wp\/v2\/media?parent=5619"}],"curies":[{"name":"wp","href":"https:\/\/api.w.org\/{rel}","templated":true}]}}